{"id":4884,"date":"2023-01-09T13:55:03","date_gmt":"2023-01-09T13:55:03","guid":{"rendered":"https:\/\/aim-association.org\/board-of-directors\/"},"modified":"2026-04-21T06:56:01","modified_gmt":"2026-04-21T06:56:01","slug":"board-of-directors","status":"publish","type":"page","link":"https:\/\/aim-association.org\/en\/board-of-directors\/","title":{"rendered":"Board of Directors"},"content":{"rendered":"\t\t<div data-elementor-type=\"wp-page\" data-elementor-id=\"4884\" class=\"elementor elementor-4884 elementor-3062\" data-elementor-post-type=\"page\">\n\t\t\t\t<section class=\"elementor-element elementor-element-bb864b7 e-flex e-con-boxed e-con e-parent\" data-id=\"bb864b7\" data-element_type=\"container\" data-e-type=\"container\" data-settings=\"{&quot;background_background&quot;:&quot;classic&quot;,&quot;_ob_use_container_extras&quot;:&quot;no&quot;,&quot;_ob_column_hoveranimator&quot;:&quot;no&quot;,&quot;_ob_column_has_pseudo&quot;:&quot;no&quot;}\">\n\t\t\t\t\t<div class=\"e-con-inner\">\n\t\t<div class=\"elementor-element elementor-element-9be8e0b e-flex e-con-boxed e-con e-child\" data-id=\"9be8e0b\" data-element_type=\"container\" data-e-type=\"container\" data-settings=\"{&quot;_ob_use_container_extras&quot;:&quot;no&quot;,&quot;_ob_column_hoveranimator&quot;:&quot;no&quot;,&quot;_ob_column_has_pseudo&quot;:&quot;no&quot;}\">\n\t\t\t\t\t<div class=\"e-con-inner\">\n\t\t\t\t<div class=\"elementor-element elementor-element-1fb12cd elementor-widget__width-initial elementor-invisible ob-has-background-overlay elementor-widget elementor-widget-heading\" data-id=\"1fb12cd\" data-element_type=\"widget\" data-e-type=\"widget\" data-settings=\"{&quot;_animation&quot;:&quot;fadeInUp&quot;,&quot;_ob_poopart_use&quot;:&quot;yes&quot;,&quot;_ob_allow_hoveranimator&quot;:&quot;no&quot;}\" data-widget_type=\"heading.default\">\n\t\t\t\t<div class=\"elementor-widget-container\">\n\t\t\t\t\t<h1 class=\"elementor-heading-title elementor-size-default\">Board of Directors<\/h1>\t\t\t\t<\/div>\n\t\t\t\t<\/div>\n\t\t\t\t\t<\/div>\n\t\t\t\t<\/div>\n\t\t\t\t\t<\/div>\n\t\t\t\t<\/section>\n\t\t<section class=\"elementor-element elementor-element-c981bc8 e-flex e-con-boxed e-con e-parent\" data-id=\"c981bc8\" data-element_type=\"container\" data-e-type=\"container\" data-settings=\"{&quot;background_background&quot;:&quot;classic&quot;,&quot;_ob_use_container_extras&quot;:&quot;no&quot;,&quot;_ob_column_hoveranimator&quot;:&quot;no&quot;,&quot;_ob_column_has_pseudo&quot;:&quot;no&quot;}\">\n\t\t\t\t\t<div class=\"e-con-inner\">\n\t\t\t\t<div class=\"elementor-element elementor-element-55715d0 ob-has-background-overlay elementor-widget elementor-widget-heading\" data-id=\"55715d0\" data-element_type=\"widget\" data-e-type=\"widget\" data-settings=\"{&quot;_ob_poopart_use&quot;:&quot;yes&quot;,&quot;_ob_allow_hoveranimator&quot;:&quot;no&quot;}\" data-widget_type=\"heading.default\">\n\t\t\t\t<div class=\"elementor-widget-container\">\n\t\t\t\t\t<h2 class=\"elementor-heading-title elementor-size-default\">AIM Board of Directors (May 2026 \u2013 May 2028)<\/h2>\t\t\t\t<\/div>\n\t\t\t\t<\/div>\n\t\t\t\t<div class=\"elementor-element elementor-element-5cc4fa6 ob-has-background-overlay elementor-widget elementor-widget-qi_addons_for_elementor_clients_list\" data-id=\"5cc4fa6\" data-element_type=\"widget\" data-e-type=\"widget\" data-settings=\"{&quot;_ob_poopart_use&quot;:&quot;yes&quot;,&quot;_ob_allow_hoveranimator&quot;:&quot;no&quot;}\" data-widget_type=\"qi_addons_for_elementor_clients_list.default\">\n\t\t\t\t<div class=\"elementor-widget-container\">\n\t\t\t\t\t<div class=\"qodef-shortcode qodef-m qodef-qi-clients-list qodef-border--no qodef-qi-grid qodef-layout--qi-columns qodef-col-num--3 qodef-responsive--custom qodef-col-num--1680--3 qodef-col-num--1440--3 qodef-col-num--1366--3 qodef-col-num--1024--3 qodef-col-num--768--3 qodef-col-num--680--2 qodef-col-num--480--2\">\n\t<div class=\"qodef-grid-inner\">\n\t\t<div class=\"qodef-e qodef-grid-item\">\n\t<div class=\"qodef-e-inner\">\n\t\t\t\t<div class=\"qodef-e-images-holder\">\n\t\t\t\t\t\t\t<div class=\"qodef-e-main-image\">\n\t\t\t\t\t<img fetchpriority=\"high\" decoding=\"async\" width=\"200\" height=\"300\" src=\"https:\/\/aim-association.org\/wp-content\/uploads\/2025\/04\/Guy_Lourtie-200x300.jpg\" class=\"attachment-medium size-medium\" alt=\"\" srcset=\"https:\/\/aim-association.org\/wp-content\/uploads\/2025\/04\/Guy_Lourtie-200x300.jpg 200w, https:\/\/aim-association.org\/wp-content\/uploads\/2025\/04\/Guy_Lourtie-683x1024.jpg 683w, https:\/\/aim-association.org\/wp-content\/uploads\/2025\/04\/Guy_Lourtie-768x1152.jpg 768w, https:\/\/aim-association.org\/wp-content\/uploads\/2025\/04\/Guy_Lourtie.jpg 1000w\" sizes=\"(max-width: 200px) 100vw, 200px\" \/>\t\t\t\t<\/div>\n\t\t\t\t\t\t\t\t<\/div>\n\t\t\t\t\t<h5 class=\"qodef-e-title\">\n\t\t\tGuy Lourtie\t\t<\/h5>\n\t\t\t<p class=\"qodef-e-text\">\n\t\tChair\t<\/p>\n\t\t\t<\/div>\n<\/div>\n<div class=\"qodef-e qodef-grid-item\">\n\t<div class=\"qodef-e-inner\">\n\t\t\t\t<div class=\"qodef-e-images-holder\">\n\t\t\t\t\t\t\t<div class=\"qodef-e-main-image\">\n\t\t\t\t\t<img decoding=\"async\" width=\"225\" height=\"300\" src=\"https:\/\/aim-association.org\/wp-content\/uploads\/2026\/04\/bertrandred-225x300.png\" class=\"attachment-medium size-medium\" alt=\"Bertrand Corn\u00e9lusse\" srcset=\"https:\/\/aim-association.org\/wp-content\/uploads\/2026\/04\/bertrandred-225x300.png 225w, https:\/\/aim-association.org\/wp-content\/uploads\/2026\/04\/bertrandred.png 375w\" sizes=\"(max-width: 225px) 100vw, 225px\" \/>\t\t\t\t<\/div>\n\t\t\t\t\t\t\t\t<\/div>\n\t\t\t\t\t<h5 class=\"qodef-e-title\">\n\t\t\tBertrand Corn\u00e9lusse\t\t<\/h5>\n\t\t\t<p class=\"qodef-e-text\">\n\t\tAdministrator\t<\/p>\n\t\t\t<\/div>\n<\/div>\n<div class=\"qodef-e qodef-grid-item\">\n\t<div class=\"qodef-e-inner\">\n\t\t\t\t<div class=\"qodef-e-images-holder\">\n\t\t\t\t\t\t\t<div class=\"qodef-e-main-image\">\n\t\t\t\t\t<img decoding=\"async\" width=\"200\" height=\"300\" src=\"https:\/\/aim-association.org\/wp-content\/uploads\/2025\/04\/Jeremie_Delhaxhe-200x300.jpg\" class=\"attachment-medium size-medium\" alt=\"\" srcset=\"https:\/\/aim-association.org\/wp-content\/uploads\/2025\/04\/Jeremie_Delhaxhe-200x300.jpg 200w, https:\/\/aim-association.org\/wp-content\/uploads\/2025\/04\/Jeremie_Delhaxhe-683x1024.jpg 683w, https:\/\/aim-association.org\/wp-content\/uploads\/2025\/04\/Jeremie_Delhaxhe-768x1152.jpg 768w, https:\/\/aim-association.org\/wp-content\/uploads\/2025\/04\/Jeremie_Delhaxhe.jpg 1000w\" sizes=\"(max-width: 200px) 100vw, 200px\" \/>\t\t\t\t<\/div>\n\t\t\t\t\t\t\t\t<\/div>\n\t\t\t\t\t<h5 class=\"qodef-e-title\">\n\t\t\tJ\u00e9r\u00e9mie Delhaxhe\t\t<\/h5>\n\t\t\t<p class=\"qodef-e-text\">\n\t\tTreasurer\t<\/p>\n\t\t\t<\/div>\n<\/div>\n<div class=\"qodef-e qodef-grid-item\">\n\t<div class=\"qodef-e-inner\">\n\t\t\t\t<div class=\"qodef-e-images-holder\">\n\t\t\t\t\t\t\t<div class=\"qodef-e-main-image\">\n\t\t\t\t\t<img loading=\"lazy\" decoding=\"async\" width=\"225\" height=\"300\" src=\"https:\/\/aim-association.org\/wp-content\/uploads\/2026\/04\/Bernard_di_Renzo-225x300.jpg\" class=\"attachment-medium size-medium\" alt=\"Bernard di Renzo\" srcset=\"https:\/\/aim-association.org\/wp-content\/uploads\/2026\/04\/Bernard_di_Renzo-225x300.jpg 225w, https:\/\/aim-association.org\/wp-content\/uploads\/2026\/04\/Bernard_di_Renzo.jpg 375w\" sizes=\"(max-width: 225px) 100vw, 225px\" \/>\t\t\t\t<\/div>\n\t\t\t\t\t\t\t\t<\/div>\n\t\t\t\t\t<h5 class=\"qodef-e-title\">\n\t\t\tBernard di Renzo\t\t<\/h5>\n\t\t\t<p class=\"qodef-e-text\">\n\t\tAdministrator\t<\/p>\n\t\t\t<\/div>\n<\/div>\n<div class=\"qodef-e qodef-grid-item\">\n\t<div class=\"qodef-e-inner\">\n\t\t\t\t<div class=\"qodef-e-images-holder\">\n\t\t\t\t\t\t\t<div class=\"qodef-e-main-image\">\n\t\t\t\t\t<img loading=\"lazy\" decoding=\"async\" width=\"200\" height=\"300\" src=\"https:\/\/aim-association.org\/wp-content\/uploads\/2025\/04\/Damien_Ernst-200x300.jpg\" class=\"attachment-medium size-medium\" alt=\"\" srcset=\"https:\/\/aim-association.org\/wp-content\/uploads\/2025\/04\/Damien_Ernst-200x300.jpg 200w, https:\/\/aim-association.org\/wp-content\/uploads\/2025\/04\/Damien_Ernst-683x1024.jpg 683w, https:\/\/aim-association.org\/wp-content\/uploads\/2025\/04\/Damien_Ernst-768x1152.jpg 768w, https:\/\/aim-association.org\/wp-content\/uploads\/2025\/04\/Damien_Ernst.jpg 1000w\" sizes=\"(max-width: 200px) 100vw, 200px\" \/>\t\t\t\t<\/div>\n\t\t\t\t\t\t\t\t<\/div>\n\t\t\t\t\t<h5 class=\"qodef-e-title\">\n\t\t\tDamien Ernst\t\t<\/h5>\n\t\t\t<p class=\"qodef-e-text\">\n\t\tAdministrator\t<\/p>\n\t\t\t<\/div>\n<\/div>\n<div class=\"qodef-e qodef-grid-item\">\n\t<div class=\"qodef-e-inner\">\n\t\t\t\t<div class=\"qodef-e-images-holder\">\n\t\t\t\t\t\t\t<div class=\"qodef-e-main-image\">\n\t\t\t\t\t<img loading=\"lazy\" decoding=\"async\" width=\"200\" height=\"300\" src=\"https:\/\/aim-association.org\/wp-content\/uploads\/2025\/04\/Fabrice_Frebel-200x300.jpg\" class=\"attachment-medium size-medium\" alt=\"\" srcset=\"https:\/\/aim-association.org\/wp-content\/uploads\/2025\/04\/Fabrice_Frebel-200x300.jpg 200w, https:\/\/aim-association.org\/wp-content\/uploads\/2025\/04\/Fabrice_Frebel-683x1024.jpg 683w, https:\/\/aim-association.org\/wp-content\/uploads\/2025\/04\/Fabrice_Frebel-768x1152.jpg 768w, https:\/\/aim-association.org\/wp-content\/uploads\/2025\/04\/Fabrice_Frebel.jpg 1000w\" sizes=\"(max-width: 200px) 100vw, 200px\" \/>\t\t\t\t<\/div>\n\t\t\t\t\t\t\t\t<\/div>\n\t\t\t\t\t<h5 class=\"qodef-e-title\">\n\t\t\tFabrice Frebel\t\t<\/h5>\n\t\t\t<p class=\"qodef-e-text\">\n\t\tContacts with Montefiore Institute\t<\/p>\n\t\t\t<\/div>\n<\/div>\n<div class=\"qodef-e qodef-grid-item\">\n\t<div class=\"qodef-e-inner\">\n\t\t\t\t<div class=\"qodef-e-images-holder\">\n\t\t\t\t\t\t\t<div class=\"qodef-e-main-image\">\n\t\t\t\t\t<img loading=\"lazy\" decoding=\"async\" width=\"200\" height=\"300\" src=\"https:\/\/aim-association.org\/wp-content\/uploads\/2025\/04\/Louis_Maesen-200x300.jpg\" class=\"attachment-medium size-medium\" alt=\"\" srcset=\"https:\/\/aim-association.org\/wp-content\/uploads\/2025\/04\/Louis_Maesen-200x300.jpg 200w, https:\/\/aim-association.org\/wp-content\/uploads\/2025\/04\/Louis_Maesen-683x1024.jpg 683w, https:\/\/aim-association.org\/wp-content\/uploads\/2025\/04\/Louis_Maesen-768x1152.jpg 768w, https:\/\/aim-association.org\/wp-content\/uploads\/2025\/04\/Louis_Maesen.jpg 1000w\" sizes=\"(max-width: 200px) 100vw, 200px\" \/>\t\t\t\t<\/div>\n\t\t\t\t\t\t\t\t<\/div>\n\t\t\t\t\t<h5 class=\"qodef-e-title\">\n\t\t\tLouis Maesen\t\t<\/h5>\n\t\t\t<p class=\"qodef-e-text\">\n\t\tContacts with FABI &amp; ISF\t<\/p>\n\t\t\t<\/div>\n<\/div>\n<div class=\"qodef-e qodef-grid-item\">\n\t<div class=\"qodef-e-inner\">\n\t\t\t\t<div class=\"qodef-e-images-holder\">\n\t\t\t\t\t\t\t<div class=\"qodef-e-main-image\">\n\t\t\t\t\t<img loading=\"lazy\" decoding=\"async\" width=\"200\" height=\"300\" src=\"https:\/\/aim-association.org\/wp-content\/uploads\/2025\/04\/Frederic_Olivier-200x300.jpg\" class=\"attachment-medium size-medium\" alt=\"\" srcset=\"https:\/\/aim-association.org\/wp-content\/uploads\/2025\/04\/Frederic_Olivier-200x300.jpg 200w, https:\/\/aim-association.org\/wp-content\/uploads\/2025\/04\/Frederic_Olivier-683x1024.jpg 683w, https:\/\/aim-association.org\/wp-content\/uploads\/2025\/04\/Frederic_Olivier-768x1152.jpg 768w, https:\/\/aim-association.org\/wp-content\/uploads\/2025\/04\/Frederic_Olivier.jpg 1000w\" sizes=\"(max-width: 200px) 100vw, 200px\" \/>\t\t\t\t<\/div>\n\t\t\t\t\t\t\t\t<\/div>\n\t\t\t\t\t<h5 class=\"qodef-e-title\">\n\t\t\tFr\u00e9d\u00e9ric Olivier\t\t<\/h5>\n\t\t\t<p class=\"qodef-e-text\">\n\t\tCIRED \/ Human resources\t<\/p>\n\t\t\t<\/div>\n<\/div>\n<div class=\"qodef-e qodef-grid-item\">\n\t<div class=\"qodef-e-inner\">\n\t\t\t\t<div class=\"qodef-e-images-holder\">\n\t\t\t\t\t\t\t<div class=\"qodef-e-main-image\">\n\t\t\t\t\t<img loading=\"lazy\" decoding=\"async\" width=\"200\" height=\"300\" src=\"https:\/\/aim-association.org\/wp-content\/uploads\/2025\/04\/Pierre_Sacre-200x300.jpg\" class=\"attachment-medium size-medium\" alt=\"\" srcset=\"https:\/\/aim-association.org\/wp-content\/uploads\/2025\/04\/Pierre_Sacre-200x300.jpg 200w, https:\/\/aim-association.org\/wp-content\/uploads\/2025\/04\/Pierre_Sacre-683x1024.jpg 683w, https:\/\/aim-association.org\/wp-content\/uploads\/2025\/04\/Pierre_Sacre-768x1152.jpg 768w, https:\/\/aim-association.org\/wp-content\/uploads\/2025\/04\/Pierre_Sacre.jpg 1000w\" sizes=\"(max-width: 200px) 100vw, 200px\" \/>\t\t\t\t<\/div>\n\t\t\t\t\t\t\t\t<\/div>\n\t\t\t\t\t<h5 class=\"qodef-e-title\">\n\t\t\tPierre Sacr\u00e9\t\t<\/h5>\n\t\t\t<p class=\"qodef-e-text\">\n\t\tAdministrator\t<\/p>\n\t\t\t<\/div>\n<\/div>\n\t<\/div>\n<\/div>\n\t\t\t\t<\/div>\n\t\t\t\t<\/div>\n\t\t\t\t\t<\/div>\n\t\t\t\t<\/section>\n\t\t<section class=\"elementor-element elementor-element-67e6e0e e-flex e-con-boxed e-con e-parent\" data-id=\"67e6e0e\" data-element_type=\"container\" data-e-type=\"container\" data-settings=\"{&quot;background_background&quot;:&quot;classic&quot;,&quot;_ob_use_container_extras&quot;:&quot;no&quot;,&quot;_ob_column_hoveranimator&quot;:&quot;no&quot;,&quot;_ob_column_has_pseudo&quot;:&quot;no&quot;}\">\n\t\t\t\t\t<div class=\"e-con-inner\">\n\t\t\t\t<div class=\"elementor-element elementor-element-e494978 ob-has-background-overlay elementor-widget elementor-widget-heading\" data-id=\"e494978\" data-element_type=\"widget\" data-e-type=\"widget\" data-settings=\"{&quot;_ob_poopart_use&quot;:&quot;yes&quot;,&quot;_ob_allow_hoveranimator&quot;:&quot;no&quot;}\" data-widget_type=\"heading.default\">\n\t\t\t\t<div class=\"elementor-widget-container\">\n\t\t\t\t\t<h2 class=\"elementor-heading-title elementor-size-default\">Staff<\/h2>\t\t\t\t<\/div>\n\t\t\t\t<\/div>\n\t\t\t\t<div class=\"elementor-element elementor-element-d8853a7 ob-has-background-overlay elementor-widget elementor-widget-qi_addons_for_elementor_clients_list\" data-id=\"d8853a7\" data-element_type=\"widget\" data-e-type=\"widget\" data-settings=\"{&quot;_ob_poopart_use&quot;:&quot;yes&quot;,&quot;_ob_allow_hoveranimator&quot;:&quot;no&quot;}\" data-widget_type=\"qi_addons_for_elementor_clients_list.default\">\n\t\t\t\t<div class=\"elementor-widget-container\">\n\t\t\t\t\t<div class=\"qodef-shortcode qodef-m qodef-qi-clients-list qodef-border--no qodef-qi-grid qodef-layout--qi-columns qodef-col-num--3 qodef-responsive--custom qodef-col-num--1680--3 qodef-col-num--1440--3 qodef-col-num--1366--3 qodef-col-num--1024--3 qodef-col-num--768--3 qodef-col-num--680--2 qodef-col-num--480--2\">\n\t<div class=\"qodef-grid-inner\">\n\t\t<div class=\"qodef-e qodef-grid-item\">\n\t<div class=\"qodef-e-inner\">\n\t\t\t\t<div class=\"qodef-e-images-holder\">\n\t\t\t\t\t\t\t<div class=\"qodef-e-main-image\">\n\t\t\t\t\t<img loading=\"lazy\" decoding=\"async\" width=\"225\" height=\"300\" src=\"https:\/\/aim-association.org\/wp-content\/uploads\/2023\/03\/Delville375x500-225x300.jpg\" class=\"attachment-medium size-medium\" alt=\"Mich\u00e8le Delville\" srcset=\"https:\/\/aim-association.org\/wp-content\/uploads\/2023\/03\/Delville375x500-225x300.jpg 225w, https:\/\/aim-association.org\/wp-content\/uploads\/2023\/03\/Delville375x500.jpg 375w\" sizes=\"(max-width: 225px) 100vw, 225px\" \/>\t\t\t\t<\/div>\n\t\t\t\t\t\t\t\t<\/div>\n\t\t\t\t\t<h5 class=\"qodef-e-title\">\n\t\t\tMich\u00e8le Delville\t\t<\/h5>\n\t\t\t\t\t<\/div>\n<\/div>\n<div class=\"qodef-e qodef-grid-item\">\n\t<div class=\"qodef-e-inner\">\n\t\t\t\t<div class=\"qodef-e-images-holder\">\n\t\t\t\t\t\t\t<div class=\"qodef-e-main-image\">\n\t\t\t\t\t<img loading=\"lazy\" decoding=\"async\" width=\"225\" height=\"300\" src=\"https:\/\/aim-association.org\/wp-content\/uploads\/2025\/04\/CD_375_500-225x300.jpg\" class=\"attachment-medium size-medium\" alt=\"\" srcset=\"https:\/\/aim-association.org\/wp-content\/uploads\/2025\/04\/CD_375_500-225x300.jpg 225w, https:\/\/aim-association.org\/wp-content\/uploads\/2025\/04\/CD_375_500.jpg 375w\" sizes=\"(max-width: 225px) 100vw, 225px\" \/>\t\t\t\t<\/div>\n\t\t\t\t\t\t\t\t<\/div>\n\t\t\t\t\t<h5 class=\"qodef-e-title\">\n\t\t\tC\u00e9line Dizier\t\t<\/h5>\n\t\t\t\t\t<\/div>\n<\/div>\n<div class=\"qodef-e qodef-grid-item\">\n\t<div class=\"qodef-e-inner\">\n\t\t\t\t<div class=\"qodef-e-images-holder\">\n\t\t\t\t\t\t\t<div class=\"qodef-e-main-image\">\n\t\t\t\t\t<img loading=\"lazy\" decoding=\"async\" width=\"225\" height=\"300\" src=\"https:\/\/aim-association.org\/wp-content\/uploads\/2025\/03\/2025_HO_1-Copie_OKtaille-225x300.jpg\" class=\"attachment-medium size-medium\" alt=\"Louisa Kara\" srcset=\"https:\/\/aim-association.org\/wp-content\/uploads\/2025\/03\/2025_HO_1-Copie_OKtaille-225x300.jpg 225w, https:\/\/aim-association.org\/wp-content\/uploads\/2025\/03\/2025_HO_1-Copie_OKtaille.jpg 375w\" sizes=\"(max-width: 225px) 100vw, 225px\" \/>\t\t\t\t<\/div>\n\t\t\t\t\t\t\t\t<\/div>\n\t\t\t\t\t<h5 class=\"qodef-e-title\">\n\t\t\tLouisa Kara\t\t<\/h5>\n\t\t\t\t\t<\/div>\n<\/div>\n\t<\/div>\n<\/div>\n\t\t\t\t<\/div>\n\t\t\t\t<\/div>\n\t\t\t\t\t<\/div>\n\t\t\t\t<\/section>\n\t\t<section class=\"elementor-element elementor-element-e80a64b e-flex e-con-boxed e-con e-parent\" data-id=\"e80a64b\" data-element_type=\"container\" data-e-type=\"container\" data-settings=\"{&quot;background_background&quot;:&quot;classic&quot;,&quot;_ob_use_container_extras&quot;:&quot;no&quot;,&quot;_ob_column_hoveranimator&quot;:&quot;no&quot;,&quot;_ob_column_has_pseudo&quot;:&quot;no&quot;}\">\n\t\t\t\t\t<div class=\"e-con-inner\">\n\t\t\t\t<div class=\"elementor-element elementor-element-9432390 ob-has-background-overlay elementor-widget elementor-widget-heading\" data-id=\"9432390\" data-element_type=\"widget\" data-e-type=\"widget\" data-settings=\"{&quot;_ob_poopart_use&quot;:&quot;yes&quot;,&quot;_ob_allow_hoveranimator&quot;:&quot;no&quot;}\" data-widget_type=\"heading.default\">\n\t\t\t\t<div class=\"elementor-widget-container\">\n\t\t\t\t\t<h2 class=\"elementor-heading-title elementor-size-default\">General Assembly reports (in French only)<\/h2>\t\t\t\t<\/div>\n\t\t\t\t<\/div>\n\t\t\t\t<div class=\"elementor-element elementor-element-5b3bceb elementor-icon-list--layout-inline elementor-align-center elementor-list-item-link-full_width ob-has-background-overlay elementor-widget elementor-widget-icon-list\" data-id=\"5b3bceb\" data-element_type=\"widget\" data-e-type=\"widget\" data-settings=\"{&quot;_ob_poopart_use&quot;:&quot;yes&quot;,&quot;_ob_allow_hoveranimator&quot;:&quot;no&quot;}\" data-widget_type=\"icon-list.default\">\n\t\t\t\t<div class=\"elementor-widget-container\">\n\t\t\t\t\t\t\t<ul class=\"elementor-icon-list-items elementor-inline-items\">\n\t\t\t\t\t\t\t<li class=\"elementor-icon-list-item elementor-inline-item\">\n\t\t\t\t\t\t\t\t\t\t\t<a href=\"https:\/\/aim-association.org\/wp-content\/uploads\/2026\/04\/20260408-PV-AG.pdf\">\n\n\t\t\t\t\t\t\t\t\t\t\t\t<span class=\"elementor-icon-list-icon\">\n\t\t\t\t\t\t\t<i aria-hidden=\"true\" class=\"fas fa-square-full\"><\/i>\t\t\t\t\t\t<\/span>\n\t\t\t\t\t\t\t\t\t\t<span class=\"elementor-icon-list-text\">General Assembly 2026<\/span>\n\t\t\t\t\t\t\t\t\t\t\t<\/a>\n\t\t\t\t\t\t\t\t\t<\/li>\n\t\t\t\t\t\t\t\t<li class=\"elementor-icon-list-item elementor-inline-item\">\n\t\t\t\t\t\t\t\t\t\t\t<a href=\"https:\/\/aim-association.org\/wp-content\/uploads\/2025\/04\/20250407-PV-AG-20250407.pdf\">\n\n\t\t\t\t\t\t\t\t\t\t\t\t<span class=\"elementor-icon-list-icon\">\n\t\t\t\t\t\t\t<i aria-hidden=\"true\" class=\"fas fa-square-full\"><\/i>\t\t\t\t\t\t<\/span>\n\t\t\t\t\t\t\t\t\t\t<span class=\"elementor-icon-list-text\">General Assembly 2025<\/span>\n\t\t\t\t\t\t\t\t\t\t\t<\/a>\n\t\t\t\t\t\t\t\t\t<\/li>\n\t\t\t\t\t\t\t\t<li class=\"elementor-icon-list-item elementor-inline-item\">\n\t\t\t\t\t\t\t\t\t\t\t<a href=\"https:\/\/aim-association.org\/wp-content\/uploads\/2025\/01\/20240425-PV-AG_signe.pdf\">\n\n\t\t\t\t\t\t\t\t\t\t\t\t<span class=\"elementor-icon-list-icon\">\n\t\t\t\t\t\t\t<i aria-hidden=\"true\" class=\"fas fa-square-full\"><\/i>\t\t\t\t\t\t<\/span>\n\t\t\t\t\t\t\t\t\t\t<span class=\"elementor-icon-list-text\">General Assembly 2024<\/span>\n\t\t\t\t\t\t\t\t\t\t\t<\/a>\n\t\t\t\t\t\t\t\t\t<\/li>\n\t\t\t\t\t\t\t\t<li class=\"elementor-icon-list-item elementor-inline-item\">\n\t\t\t\t\t\t\t\t\t\t\t<a href=\"https:\/\/aim-association.org\/wp-content\/uploads\/2023\/07\/assemblee_generale_2023.pdf\">\n\n\t\t\t\t\t\t\t\t\t\t\t\t<span class=\"elementor-icon-list-icon\">\n\t\t\t\t\t\t\t<i aria-hidden=\"true\" class=\"fas fa-square-full\"><\/i>\t\t\t\t\t\t<\/span>\n\t\t\t\t\t\t\t\t\t\t<span class=\"elementor-icon-list-text\">General Assembly 2023<\/span>\n\t\t\t\t\t\t\t\t\t\t\t<\/a>\n\t\t\t\t\t\t\t\t\t<\/li>\n\t\t\t\t\t\t\t\t<li class=\"elementor-icon-list-item elementor-inline-item\">\n\t\t\t\t\t\t\t\t\t\t\t<a href=\"https:\/\/aim-association.org\/wp-content\/uploads\/2023\/01\/assemblee_generale_2022_final.pdf\">\n\n\t\t\t\t\t\t\t\t\t\t\t\t<span class=\"elementor-icon-list-icon\">\n\t\t\t\t\t\t\t<i aria-hidden=\"true\" class=\"fas fa-square-full\"><\/i>\t\t\t\t\t\t<\/span>\n\t\t\t\t\t\t\t\t\t\t<span class=\"elementor-icon-list-text\">General Assembly 2022<\/span>\n\t\t\t\t\t\t\t\t\t\t\t<\/a>\n\t\t\t\t\t\t\t\t\t<\/li>\n\t\t\t\t\t\t<\/ul>\n\t\t\t\t\t\t<\/div>\n\t\t\t\t<\/div>\n\t\t\t\t\t<\/div>\n\t\t\t\t<\/section>\n\t\t\t\t<\/div>\n\t\t","protected":false},"excerpt":{"rendered":"<p>AIM Board of Directors (May 2026 \u2013 May 2028) Guy Lourtie Chair Bertrand Corn\u00e9lusse Administrator J\u00e9r\u00e9mie Delhaxhe Treasurer Bernard di Renzo Administrator Damien Ernst Administrator Fabrice Frebel Contacts with Montefiore Institute Louis Maesen Contacts with FABI &amp; ISF Fr\u00e9d\u00e9ric Olivier CIRED \/ Human resources Pierre Sacr\u00e9 Administrator Staff Mich\u00e8le Delville C\u00e9line Dizier Louisa Kara General [&hellip;]<\/p>\n","protected":false},"author":1,"featured_media":0,"parent":0,"menu_order":0,"comment_status":"closed","ping_status":"closed","template":"elementor_header_footer","meta":{"_seopress_robots_primary_cat":"","_seopress_titles_title":"Board of Directors - AIM","_seopress_titles_desc":"Find out about the current members of AIM's board of directors, including president, vice-presidents, treasurer and general secretary, as well as details of past general meetings.","_seopress_robots_index":"","footnotes":""},"class_list":["post-4884","page","type-page","status-publish","hentry"],"_links":{"self":[{"href":"https:\/\/aim-association.org\/en\/wp-json\/wp\/v2\/pages\/4884","targetHints":{"allow":["GET"]}}],"collection":[{"href":"https:\/\/aim-association.org\/en\/wp-json\/wp\/v2\/pages"}],"about":[{"href":"https:\/\/aim-association.org\/en\/wp-json\/wp\/v2\/types\/page"}],"author":[{"embeddable":true,"href":"https:\/\/aim-association.org\/en\/wp-json\/wp\/v2\/users\/1"}],"replies":[{"embeddable":true,"href":"https:\/\/aim-association.org\/en\/wp-json\/wp\/v2\/comments?post=4884"}],"version-history":[{"count":13,"href":"https:\/\/aim-association.org\/en\/wp-json\/wp\/v2\/pages\/4884\/revisions"}],"predecessor-version":[{"id":6366,"href":"https:\/\/aim-association.org\/en\/wp-json\/wp\/v2\/pages\/4884\/revisions\/6366"}],"wp:attachment":[{"href":"https:\/\/aim-association.org\/en\/wp-json\/wp\/v2\/media?parent=4884"}],"curies":[{"name":"wp","href":"https:\/\/api.w.org\/{rel}","templated":true}]}}